{"id":661,"date":"2024-02-24T11:26:07","date_gmt":"2024-02-24T10:26:07","guid":{"rendered":"https:\/\/www.addai.org\/?page_id=661"},"modified":"2025-01-02T22:36:40","modified_gmt":"2025-01-02T21:36:40","slug":"ai-i-nationens-intresse","status":"publish","type":"page","link":"https:\/\/addai.org\/index.php\/ai-i-nationens-intresse\/","title":{"rendered":"AI i nationens intresse"},"content":{"rendered":"\n<p class=\"has-x-large-font-size\">AI i nationens intresse &#8211; portal<\/p>\n\n\n\n<figure class=\"wp-block-image size-large\"><img loading=\"lazy\" decoding=\"async\" width=\"1024\" height=\"326\" src=\"\/wp-content\/uploads\/2024\/02\/banner-start-1024x326.jpg\" alt=\"\" class=\"wp-image-696\" srcset=\"\/wp-content\/uploads\/2024\/02\/banner-start-1024x326.jpg 1024w, \/wp-content\/uploads\/2024\/02\/banner-start-300x96.jpg 300w, \/wp-content\/uploads\/2024\/02\/banner-start-768x245.jpg 768w, \/wp-content\/uploads\/2024\/02\/banner-start-1536x489.jpg 1536w, \/wp-content\/uploads\/2024\/02\/banner-start-900x287.jpg 900w, \/wp-content\/uploads\/2024\/02\/banner-start-1000x319.jpg 1000w, \/wp-content\/uploads\/2024\/02\/banner-start-450x143.jpg 450w, \/wp-content\/uploads\/2024\/02\/banner-start.jpg 1962w\" sizes=\"auto, (max-width: 1024px) 100vw, 1024px\" \/><\/figure>\n\n\n\n<p><em>Detta \u00e4r samlingsplatsen f\u00f6r inneh\u00e5ll relaterat till konferensen AI i nationens intresse som h\u00f6lls den 31:e januari 2024 samt de uppf\u00f6ljande aktiviteter som gjorts i konferensens namn under 2024. <\/em><em>Konferensen gjordes med Microsoft som huvudarrang\u00f6r i samarbete med PWC, addAI och ThinkAI.<\/em><\/p>\n\n\n\n<p>Syftet \u00e4r att samla inneh\u00e5ll relaterat till AI f\u00f6r f\u00f6retag, beslutsfattare och offentlig sektor.<\/p>\n\n\n\n<p class=\"has-large-font-size\"><strong>Material p\u00e5 denna portal:<\/strong><\/p>\n\n\n\n<ul class=\"wp-block-list\">\n<li><a href=\"#AGENDA\" data-type=\"internal\" data-id=\"#AGENDA\"><span style=\"text-decoration: underline;\">Inspelat material fr\u00e5n konferensen AI i nationens intresse<\/span><\/a>\n<ul class=\"wp-block-list\">\n<li>Videos fr\u00e5n konferensen<\/li>\n<\/ul>\n<\/li>\n\n\n\n<li><a href=\"https:\/\/www.dn.se\/debatt\/lagom-racker-inte-for-att-skapa-ett-svenskt-ai-under\/\" target=\"_blank\" rel=\"noreferrer noopener\"><span style=\"text-decoration: underline;\">Debattartikel i Dagens Nyheter<\/span><\/a> (&#8220;Lagom r\u00e4cker inte f\u00f6r att skapa ett svenskt AI-under&#8221;)\n<ul class=\"wp-block-list\">\n<li>Artikeln accepterades av DN i januari 2024 och st\u00e4ller tre fr\u00e5gor som kan hj\u00e4lpa Sverige att accelerera sin AI utveckling <\/li>\n<\/ul>\n<\/li>\n\n\n\n<li><a href=\"#kortare-reflektioner-om-ai\" data-type=\"internal\" data-id=\"#kortare-reflektioner-om-ai\"><span style=\"text-decoration: underline;\">Kortare reflektioner om AI <\/span><\/a>\n<ul class=\"wp-block-list\">\n<li>Erik Slottner, Civil och digitaliseringsminister<\/li>\n\n\n\n<li>Luukas&nbsp;Ilves, CIO Estland<\/li>\n\n\n\n<li>Carl-Henric Svanberg. Ordf\u00f6rande Volvo Group samt AI kommissionen<\/li>\n\n\n\n<li>Anna Eriksson, Generaldirekt\u00f6r DIGG<\/li>\n\n\n\n<li>Ulrika Lindstrand, F\u00f6rbundsordf\u00f6rande, Sveriges Ingenj\u00f6rer samt AI kommissionen<\/li>\n\n\n\n<li>Anders Ynnerman,<strong> <\/strong>Professor och direkt\u00f6r f\u00f6r WASP<\/li>\n<\/ul>\n<\/li>\n\n\n\n<li><em>Rapport om vanliga utmaningarna med AI och hur de kan addresseras (kommande)<\/em><\/li>\n\n\n\n<li><em>R\u00f6ster fr\u00e5n Sverige (kommande) <\/em><\/li>\n<\/ul>\n\n\n\n<p>Signa upp nedan om du vill f\u00e5 uppdateringar fr\u00e5n addAI.org<\/p>\n\n\n<p><!-- Begin MailChimp Signup Form --><\/p>\n<div id=\"mc_embed_signup\" style=\"text-align: center;\">\n<form id=\"mc-embedded-subscribe-form\" class=\"validate\" action=\"https:\/\/addAI.us17.list-manage.com\/subscribe\/post?u=cb4749c0f0a54f121e38e1400&amp;id=26fe0dad0f\" method=\"post\" name=\"mc-embedded-subscribe-form\" novalidate=\"\" target=\"_blank\">\n<div id=\"mc_embed_signup_scroll\">\n<p style=\"text-align: left;\"><input id=\"mce-EMAIL\" class=\"email\" name=\"EMAIL\" required=\"\" type=\"email\" value=\"\" placeholder=\"email address\" \/><br \/><!-- real people should not fill this in and expect good things - do not remove this or risk form bot signups--><\/p>\n<div style=\"left: -5000px; text-align: left; position: absolute;\" aria-hidden=\"true\"><input tabindex=\"-1\" name=\"b_cb4749c0f0a54f121e38e1400_26fe0dad0f\" type=\"text\" value=\"\" \/><\/div>\n<div class=\"clear\" style=\"text-align: left;\"><input id=\"mc-embedded-subscribe\" class=\"button\" name=\"subscribe\" type=\"submit\" value=\"Subscribe\" \/><\/div>\n<\/div>\n<\/form>\n<\/div>\n\n\n<p class=\"has-large-font-size\"><strong>Om AI i Nationens intresse:<\/strong><\/p>\n\n\n\n<p>Sverige har l\u00e4nge varit ett f\u00f6reg\u00e5ngsland inom digitalisering. Bilden av Sverige som innovationsland r\u00e5der \u00e4n idag. Men n\u00e4r vi skrapar p\u00e5 ytan framtr\u00e4der en annan bild. Sverige placeras l\u00e5ngt ner i globala rankningar om grad av digitalisering i offentlig sektor och implementeringen av nya, s\u00e4kra tj\u00e4nster har halkat efter.<\/p>\n\n\n\n<p>Artificiell intelligens och molntj\u00e4nster har en stor potential att effektivisera och bidra till \u00f6kad samh\u00e4llsnytta, men organisationer h\u00e5ller tillbaka sin utveckling f\u00f6r att f\u00f6rsiktigt navigera det man ser som risker. Denna konferens kommer lyfta vilka m\u00f6jligheter som finns med artificiell intelligens, det juridiska perspektivet, hur AI f\u00f6rh\u00e5ller sig till cybers\u00e4kerhet samt hur AI-verktyg kan implementeras p\u00e5 ett ansvarsfullt och etiskt s\u00e4tt.<\/p>\n\n\n\n<p>AI i nationens intresse \u00e4r m\u00f6tesplatsen f\u00f6r dig som vill veta mer om hur AI kan implementeras och accelerera din verksamhet. Med utg\u00e5ngspunkt i erfarenheter fr\u00e5n svenska och internationella AI-pionj\u00e4rer diskuterar vi hur effektiv, s\u00e4ker och ansvarsfull anv\u00e4ndning av artificiell intelligens och molntj\u00e4nster kan bidra till ett mer konkurrenskraftigt Sverige och hur Sverige kan bli ett f\u00f6reg\u00e5ngsland inom AI.<\/p>\n\n\n\n<p>Konferensen syftar till att f\u00f6ra samman olika branscher, offentlig sektor, den akademiska v\u00e4rlden och beslutsfattare f\u00f6r att dela insikter och erfarenheter och l\u00e4ra av varandra.<\/p>\n\n\n\n<p>S\u00e4rskilt fokus kommer vara p\u00e5 att lyfta fram goda exempel samt de allra senaste anv\u00e4ndningsfallen av AI i Sverige.<\/p>\n\n\n\n<p class=\"has-medium-font-size\" id=\"AGENDA\"><strong>AGENDA OCH INSPELADE TAL<\/strong><\/p>\n\n\n\n<ul class=\"wp-block-list\">\n<li>AI-pionj\u00e4rer i Sverige<\/li>\n\n\n\n<li>Laglig anv\u00e4ndning av AI<\/li>\n\n\n\n<li>Ansvarsfull AI \u2013 vad inneb\u00e4r det?<\/li>\n\n\n\n<li>AI och cybers\u00e4kerhet<\/li>\n\n\n\n<li>AI i nationens intresse \u2013 hur g\u00f6r vi?<\/li>\n<\/ul>\n\n\n\n<p>Hela filmen finns inspelad h\u00e4r (5 timmar) men ocks\u00e5 \u00e4ven uppdelat i olika pass enligt agendan nedan. <\/p>\n\n\n\n<figure class=\"wp-block-embed is-type-video is-provider-youtube wp-block-embed-youtube wp-embed-aspect-16-9 wp-has-aspect-ratio\"><div class=\"wp-block-embed__wrapper\">\n<iframe loading=\"lazy\" title=\"AI i nationens intresse - hela filmen (5 timmar)\" width=\"900\" height=\"506\" src=\"https:\/\/www.youtube.com\/embed\/8A-iGNa80Mk?feature=oembed\" frameborder=\"0\" allow=\"accelerometer; autoplay; clipboard-write; encrypted-media; gyroscope; picture-in-picture; web-share\" referrerpolicy=\"strict-origin-when-cross-origin\" allowfullscreen><\/iframe>\n<\/div><figcaption class=\"wp-element-caption\">Konferensen &#8220;AI i nationens intresse&#8221; p\u00e5 posthuset i Stockholm. 31:e januari 2024. <\/figcaption><\/figure>\n\n\n\n<p><strong>Detaljerad agenda:&nbsp;<\/strong><\/p>\n\n\n\n<p><strong>09.30 \u2013 09.40<\/strong>&nbsp;<strong>Inledning<\/strong><br>Daniel Akenine, Teknikchef Microsoft och&nbsp;Sophia Wikander, VD Microsoft Sverige<\/p>\n\n\n\n<p><strong>09.40 \u2013 09.50<\/strong>&nbsp;<strong>Keynote: AI \u2013 det svenska perspektivet&nbsp;&nbsp;&nbsp;&nbsp;&nbsp;&nbsp;&nbsp;&nbsp;&nbsp;&nbsp;&nbsp;&nbsp;&nbsp;&nbsp;<\/strong><\/p>\n\n\n\n<p>Erik Slottner, Civil och digitaliseringsminister<\/p>\n\n\n\n<p><strong>09.50 \u2013 10.00 Keynote: Internationell utblick: Estland&nbsp;&nbsp;&nbsp;&nbsp;&nbsp;&nbsp;&nbsp;&nbsp;&nbsp;&nbsp;&nbsp;<\/strong><br>Luukas&nbsp;Ilves, CIO Estland<\/p>\n\n\n\n<p><strong>10.00 \u2013 10.10 Keynote: Framtiden: Vad beh\u00f6ver ett land som Sverige g\u00f6ra? &nbsp; &nbsp;<\/strong><br>Carl-Henric Svanberg. Ordf\u00f6rande Volvo Group samt AI kommissionen.<\/p>\n\n\n\n<p><strong>10.10 \u2013 10.30 Samtal: Vad kan vi l\u00e4ra av varandra?&nbsp;&nbsp;&nbsp;&nbsp;<\/strong><br>Luukas&nbsp;Ilves&nbsp;\/Erik Slottner\/ Carl-Henric Svanberg.<\/p>\n\n\n\n<figure class=\"wp-block-embed is-type-video is-provider-youtube wp-block-embed-youtube wp-embed-aspect-16-9 wp-has-aspect-ratio\"><div class=\"wp-block-embed__wrapper\">\n<iframe loading=\"lazy\" title=\"Pass 1 - AI i nationens intresse - Keynotes\" width=\"900\" height=\"506\" src=\"https:\/\/www.youtube.com\/embed\/u3lXr5n0BaQ?feature=oembed\" frameborder=\"0\" allow=\"accelerometer; autoplay; clipboard-write; encrypted-media; gyroscope; picture-in-picture; web-share\" referrerpolicy=\"strict-origin-when-cross-origin\" allowfullscreen><\/iframe>\n<\/div><\/figure>\n\n\n\n<p><strong>10.30 \u2013 11.00 Paus&nbsp;&nbsp;&nbsp;&nbsp;&nbsp;&nbsp;&nbsp;<\/strong><\/p>\n\n\n\n<p><strong>11.00 \u2013 12.00&nbsp;PASS 2: AI-pionj\u00e4rerna<\/strong>&nbsp;&nbsp;&nbsp;<strong>&nbsp;&nbsp;&nbsp;&nbsp;&nbsp;&nbsp;&nbsp;&nbsp;&nbsp;&nbsp;&nbsp;&nbsp;&nbsp;<\/strong><\/p>\n\n\n\n<ul class=\"wp-block-list\">\n<li>Max Gordon,Karolinska Institutet, docent, \u00e5rets AI-svensk 2023<\/li>\n\n\n\n<li>Karl Bergman, Vice President Strategic Transformation Initiatives, Vattenfall<\/li>\n\n\n\n<li>Anders Boustedt,&nbsp;Verksamhetschef Informationsteknologi,&nbsp;Region Halland,<\/li>\n\n\n\n<li>Anders Arpteq, Data Science Director, S\u00c4PO<\/li>\n\n\n\n<li>Luis Martinez, Regulatory Affairs Cloud, Volvo<\/li>\n\n\n\n<li>Joakim \u00c5str\u00f6m,&nbsp;Cloud Solution Architect, Microsoft Sverige<\/li>\n<\/ul>\n\n\n\n<figure class=\"wp-block-embed is-type-video is-provider-youtube wp-block-embed-youtube wp-embed-aspect-16-9 wp-has-aspect-ratio\"><div class=\"wp-block-embed__wrapper\">\n<iframe loading=\"lazy\" title=\"Pass 2 - AI i nationens Intresse - AI-pionj\u00e4rerna\" width=\"900\" height=\"506\" src=\"https:\/\/www.youtube.com\/embed\/FfiKCbrC6Rg?feature=oembed\" frameborder=\"0\" allow=\"accelerometer; autoplay; clipboard-write; encrypted-media; gyroscope; picture-in-picture; web-share\" referrerpolicy=\"strict-origin-when-cross-origin\" allowfullscreen><\/iframe>\n<\/div><\/figure>\n\n\n\n<p><strong>12.00 \u2013 13.00 Lunch<\/strong><\/p>\n\n\n\n<p><strong>13.00 \u2013 13:40 \u2013 Breakouts \u2013 PASS 1<\/strong><\/p>\n\n\n\n<p><strong>RUM A:&nbsp;<\/strong><\/p>\n\n\n\n<p><strong>PASS 3: AI och Juridiken. Kan de vara v\u00e4nner?<\/strong><\/p>\n\n\n\n<ul class=\"wp-block-list\">\n<li>Carolina Br\u00e5nby, Ansvarig f\u00f6r digital policy, Svenskt N\u00e4ringsliv<\/li>\n\n\n\n<li>Cecilia Magnusson Sj\u00f6berg, Professor of Law and Information Technology p\u00e5 Stockholms universitet<\/li>\n\n\n\n<li>Charlotta Kronblad, Doktor i digital transformation fr\u00e5n Chalmers Tekniska H\u00f6gskola<\/li>\n\n\n\n<li>Patrick Eckemo, Avdelningschef Digitalisering och Innovation Bolagsverket<\/li>\n<\/ul>\n\n\n\n<figure class=\"wp-block-embed is-type-video is-provider-youtube wp-block-embed-youtube wp-embed-aspect-16-9 wp-has-aspect-ratio\"><div class=\"wp-block-embed__wrapper\">\n<iframe loading=\"lazy\" title=\"Pass 3 - AI i nationens Intresse - AI och Juridiken. Kan de vara v\u00e4nner?\" width=\"900\" height=\"506\" src=\"https:\/\/www.youtube.com\/embed\/yqzO1FZ6yDE?feature=oembed\" frameborder=\"0\" allow=\"accelerometer; autoplay; clipboard-write; encrypted-media; gyroscope; picture-in-picture; web-share\" referrerpolicy=\"strict-origin-when-cross-origin\" allowfullscreen><\/iframe>\n<\/div><\/figure>\n\n\n\n<p><strong>RUM B:&nbsp;<\/strong><br><strong>AI och Innovation: Vad kr\u00e4vs f\u00f6r att lyckas med AI innovation?<\/strong> (spelas ej in)<\/p>\n\n\n\n<p>(Arrangeras av PWC)<\/p>\n\n\n\n<ul class=\"wp-block-list\">\n<li>Fredrik Lundberg, Head of AI, Data &amp; Analytics p\u00e5 PwC<\/li>\n\n\n\n<li>Rebecka Cedering \u00c5ngstr\u00f6m, Principal Researcher, Ericsson samt medgrundare av addAI.org<\/li>\n\n\n\n<li>Nicolette Lakemond, Professor i industriell organisation vid Link\u00f6pings universitet<\/li>\n<\/ul>\n\n\n\n<p><strong>13.40 \u2013 13:50 Paus f\u00f6r f\u00f6rflyttning<\/strong><\/p>\n\n\n\n<p><strong>13.50 \u2013 14:30 \u2013 Breakouts \u2013 PASS 2<\/strong><\/p>\n\n\n\n<p><strong>RUM A:&nbsp;<\/strong><br><strong>PASS 4. AI och cybers\u00e4kerhet: Blir vi s\u00e4krare eller s\u00e5rbarare?<\/strong><\/p>\n\n\n\n<ul class=\"wp-block-list\">\n<li>Sandra Elvin, Nationell S\u00e4kerhetschef Microsoft<\/li>\n\n\n\n<li>Camilla Lundahl, VD Cerenity<\/li>\n\n\n\n<li>Robert Egnell, Rektor F\u00f6rsvarsh\u00f6gskolan<\/li>\n<\/ul>\n\n\n\n<figure class=\"wp-block-embed is-type-video is-provider-youtube wp-block-embed-youtube wp-embed-aspect-16-9 wp-has-aspect-ratio\"><div class=\"wp-block-embed__wrapper\">\n<iframe loading=\"lazy\" title=\"Pass 4 - AI i nationens Intresse - AI och cybers\u00e4kerhet: Blir vi s\u00e4krare eller s\u00e5rbarare?\" width=\"900\" height=\"506\" src=\"https:\/\/www.youtube.com\/embed\/vzlS7nV_QHc?feature=oembed\" frameborder=\"0\" allow=\"accelerometer; autoplay; clipboard-write; encrypted-media; gyroscope; picture-in-picture; web-share\" referrerpolicy=\"strict-origin-when-cross-origin\" allowfullscreen><\/iframe>\n<\/div><\/figure>\n\n\n\n<p><strong>RUM B:&nbsp;<\/strong><br><strong>Sverige i v\u00e4rlden: Experternas syn p\u00e5 Sveriges position i den globala AI-arenan<\/strong> (spelas ej in)<\/p>\n\n\n\n<p>(Arrangeras av tankesmedjan ThinkAI)<\/p>\n\n\n\n<ul class=\"wp-block-list\">\n<li>H\u00e5kan Hagerum, ThinkAI<\/li>\n\n\n\n<li>M\u00e5rten Lindskog, ThinkAI<\/li>\n\n\n\n<li>Mandi Hallstensson, ThinkAI<\/li>\n<\/ul>\n\n\n\n<p><strong>14.30 \u2013&nbsp;15.00 Paus<\/strong><\/p>\n\n\n\n<p><strong>15.00 \u2013 15.40 PASS 5: Ansvarsfull AI: Var g\u00e5r gr\u00e4nserna f\u00f6r AI?<\/strong><\/p>\n\n\n\n<ul class=\"wp-block-list\">\n<li>Louise Callenberg, Teolog, B\u00e4ttreDelat<\/li>\n\n\n\n<li>Henrik Palmblad-Wennergren,&nbsp;Digitaliseringsdirekt\u00f6r, Nacka Kommun<\/li>\n\n\n\n<li>Linda Leopold,&nbsp;Head of AI Stategy, H&amp;M Group<\/li>\n\n\n\n<li>Johanna Bergman,&nbsp;Director of Strategic Development at AI Sweden<\/li>\n<\/ul>\n\n\n\n<p><strong>15.45 \u2013 16.28&nbsp; PASS 6:&nbsp; Slutpanel: AI i nationens intresse<\/strong><\/p>\n\n\n\n<ul class=\"wp-block-list has-white-background-color has-background\">\n<li>Mathias Sundin, Chefredakt\u00f6r f\u00f6r Warp News<\/li>\n\n\n\n<li>Anders Ynnerman, Professor och programdirekt\u00f6r f\u00f6r WASP, Wallenberg AI, Autonomous Systems and Software Program<\/li>\n\n\n\n<li>Daniel Akenine, Nationell Teknikchef, Microsoft<\/li>\n\n\n\n<li>Katrin Westling Palm, Ordf\u00f6rande eSam, Generaldirekt\u00f6r, Skatteverket<\/li>\n<\/ul>\n\n\n\n<figure class=\"wp-block-embed is-type-video is-provider-youtube wp-block-embed-youtube wp-embed-aspect-16-9 wp-has-aspect-ratio\"><div class=\"wp-block-embed__wrapper\">\n<iframe loading=\"lazy\" title=\"Pass 5 och 6  - AI i nationens Intresse - Ansvarsfull AI: Var g\u00e5r gr\u00e4nserna f\u00f6r AI samt slutpanel\" width=\"900\" height=\"506\" src=\"https:\/\/www.youtube.com\/embed\/Q1r6UaV6yRo?feature=oembed\" frameborder=\"0\" allow=\"accelerometer; autoplay; clipboard-write; encrypted-media; gyroscope; picture-in-picture; web-share\" referrerpolicy=\"strict-origin-when-cross-origin\" allowfullscreen><\/iframe>\n<\/div><\/figure>\n\n\n\n<p class=\"has-large-font-size\" id=\"kortare-reflektioner-om-ai\"><strong>Kortare reflektioner om AI: <\/strong><\/p>\n\n\n\n<figure class=\"wp-block-embed is-type-video is-provider-youtube wp-block-embed-youtube wp-embed-aspect-4-3 wp-has-aspect-ratio\"><div class=\"wp-block-embed__wrapper\">\n<iframe loading=\"lazy\" title=\"Erik Slottner, Civil och digitaliseringsminister\" width=\"900\" height=\"675\" src=\"https:\/\/www.youtube.com\/embed\/1vpnaN1kyQc?feature=oembed\" frameborder=\"0\" allow=\"accelerometer; autoplay; clipboard-write; encrypted-media; gyroscope; picture-in-picture; web-share\" referrerpolicy=\"strict-origin-when-cross-origin\" allowfullscreen><\/iframe>\n<\/div><figcaption class=\"wp-element-caption\">Erik Slottner, Civil och digitaliseringsminister<\/figcaption><\/figure>\n\n\n\n<figure class=\"wp-block-embed is-type-video is-provider-youtube wp-block-embed-youtube wp-embed-aspect-4-3 wp-has-aspect-ratio\"><div class=\"wp-block-embed__wrapper\">\n<iframe loading=\"lazy\" title=\"Luukas Ilves, Government Chief Information Officer, Estonia.\" width=\"900\" height=\"675\" src=\"https:\/\/www.youtube.com\/embed\/spNpea5eNT4?feature=oembed\" frameborder=\"0\" allow=\"accelerometer; autoplay; clipboard-write; encrypted-media; gyroscope; picture-in-picture; web-share\" referrerpolicy=\"strict-origin-when-cross-origin\" allowfullscreen><\/iframe>\n<\/div><figcaption class=\"wp-element-caption\">Luukas&nbsp;Ilves, CIO Estland<\/figcaption><\/figure>\n\n\n\n<figure class=\"wp-block-embed is-type-video is-provider-youtube wp-block-embed-youtube wp-embed-aspect-4-3 wp-has-aspect-ratio\"><div class=\"wp-block-embed__wrapper\">\n<iframe loading=\"lazy\" title=\"Carl-Henric Svanberg, ordf\u00f6rande f\u00f6r Volvo Group och AI kommissionen.\" width=\"900\" height=\"675\" src=\"https:\/\/www.youtube.com\/embed\/0Czk8QDS5MY?feature=oembed\" frameborder=\"0\" allow=\"accelerometer; autoplay; clipboard-write; encrypted-media; gyroscope; picture-in-picture; web-share\" referrerpolicy=\"strict-origin-when-cross-origin\" allowfullscreen><\/iframe>\n<\/div><figcaption class=\"wp-element-caption\">Carl-Henric Svanberg. Ordf\u00f6rande Volvo Group samt AI kommissionen<\/figcaption><\/figure>\n\n\n\n<figure class=\"wp-block-embed is-type-video is-provider-youtube wp-block-embed-youtube wp-embed-aspect-4-3 wp-has-aspect-ratio\"><div class=\"wp-block-embed__wrapper\">\n<iframe loading=\"lazy\" title=\"Anna Eriksson, Generaldirekt\u00f6r f\u00f6r DIGG\" width=\"900\" height=\"675\" src=\"https:\/\/www.youtube.com\/embed\/jRKbjLpqxgE?feature=oembed\" frameborder=\"0\" allow=\"accelerometer; autoplay; clipboard-write; encrypted-media; gyroscope; picture-in-picture; web-share\" referrerpolicy=\"strict-origin-when-cross-origin\" allowfullscreen><\/iframe>\n<\/div><figcaption class=\"wp-element-caption\">Anna Eriksson, Generaldirekt\u00f6r DIGG<\/figcaption><\/figure>\n\n\n\n<figure class=\"wp-block-embed is-type-video is-provider-youtube wp-block-embed-youtube wp-embed-aspect-4-3 wp-has-aspect-ratio\"><div class=\"wp-block-embed__wrapper\">\n<iframe loading=\"lazy\" title=\"Ulrika Lindstrand, f\u00f6rbundsordf\u00f6rande Sveriges Ingenj\u00f6rer\" width=\"900\" height=\"675\" src=\"https:\/\/www.youtube.com\/embed\/CRxov4XMTJY?feature=oembed\" frameborder=\"0\" allow=\"accelerometer; autoplay; clipboard-write; encrypted-media; gyroscope; picture-in-picture; web-share\" referrerpolicy=\"strict-origin-when-cross-origin\" allowfullscreen><\/iframe>\n<\/div><figcaption class=\"wp-element-caption\">Ulrika Lindstrand, f\u00f6rbundsordf\u00f6rande Sveriges Ingenj\u00f6rer<\/figcaption><\/figure>\n\n\n\n<figure class=\"wp-block-embed is-type-video is-provider-youtube wp-block-embed-youtube wp-embed-aspect-4-3 wp-has-aspect-ratio\"><div class=\"wp-block-embed__wrapper\">\n<iframe loading=\"lazy\" title=\"Anders Ynnerman, Professor och programdirekt\u00f6r f\u00f6r WASP\" width=\"900\" height=\"675\" src=\"https:\/\/www.youtube.com\/embed\/hHOnVyPNFoc?feature=oembed\" frameborder=\"0\" allow=\"accelerometer; autoplay; clipboard-write; encrypted-media; gyroscope; picture-in-picture; web-share\" referrerpolicy=\"strict-origin-when-cross-origin\" allowfullscreen><\/iframe>\n<\/div><\/figure>\n\n\n\n<p>Anders Ynnerman, Professor och programdirekt\u00f6r f\u00f6r WASP<\/p>\n\n\n\n<p><em>AI i nationens intresse \u00e4r ett samarbete mellan : <\/em><\/p>\n\n\n\n<figure class=\"wp-block-image size-full is-resized\"><img loading=\"lazy\" decoding=\"async\" width=\"1539\" height=\"198\" src=\"\/wp-content\/uploads\/2024\/02\/partnerloggor.jpg\" alt=\"\" class=\"wp-image-693\" style=\"width:840px;height:auto\" srcset=\"\/wp-content\/uploads\/2024\/02\/partnerloggor.jpg 1539w, \/wp-content\/uploads\/2024\/02\/partnerloggor-300x39.jpg 300w, \/wp-content\/uploads\/2024\/02\/partnerloggor-1024x132.jpg 1024w, \/wp-content\/uploads\/2024\/02\/partnerloggor-768x99.jpg 768w, \/wp-content\/uploads\/2024\/02\/partnerloggor-1536x198.jpg 1536w, \/wp-content\/uploads\/2024\/02\/partnerloggor-900x116.jpg 900w, \/wp-content\/uploads\/2024\/02\/partnerloggor-1000x129.jpg 1000w, \/wp-content\/uploads\/2024\/02\/partnerloggor-450x58.jpg 450w\" sizes=\"auto, (max-width: 1539px) 100vw, 1539px\" \/><\/figure>\n","protected":false},"excerpt":{"rendered":"<p>AI i nationens intresse &#8211; portal Detta \u00e4r samlingsplatsen f\u00f6r inneh\u00e5ll relaterat till konferensen AI i nationens intresse som h\u00f6lls den 31:e januari 2024 samt de uppf\u00f6ljande aktiviteter som gjorts i konferensens namn under 2024. Konferensen gjordes med Microsoft som huvudarrang\u00f6r i samarbete med PWC, addAI och ThinkAI. Syftet \u00e4r att samla inneh\u00e5ll relaterat till<\/p>\n","protected":false},"author":1,"featured_media":0,"parent":0,"menu_order":0,"comment_status":"closed","ping_status":"closed","template":"","meta":{"footnotes":""},"class_list":["post-661","page","type-page","status-publish","hentry","no-featured-content"],"_links":{"self":[{"href":"https:\/\/addai.org\/index.php\/wp-json\/wp\/v2\/pages\/661","targetHints":{"allow":["GET"]}}],"collection":[{"href":"https:\/\/addai.org\/index.php\/wp-json\/wp\/v2\/pages"}],"about":[{"href":"https:\/\/addai.org\/index.php\/wp-json\/wp\/v2\/types\/page"}],"author":[{"embeddable":true,"href":"https:\/\/addai.org\/index.php\/wp-json\/wp\/v2\/users\/1"}],"replies":[{"embeddable":true,"href":"https:\/\/addai.org\/index.php\/wp-json\/wp\/v2\/comments?post=661"}],"version-history":[{"count":63,"href":"https:\/\/addai.org\/index.php\/wp-json\/wp\/v2\/pages\/661\/revisions"}],"predecessor-version":[{"id":800,"href":"https:\/\/addai.org\/index.php\/wp-json\/wp\/v2\/pages\/661\/revisions\/800"}],"wp:attachment":[{"href":"https:\/\/addai.org\/index.php\/wp-json\/wp\/v2\/media?parent=661"}],"curies":[{"name":"wp","href":"https:\/\/api.w.org\/{rel}","templated":true}]}}