{"id":105,"date":"2017-12-09T20:59:45","date_gmt":"2017-12-09T19:59:45","guid":{"rendered":"http:\/\/plusai.azurewebsites.net\/?page_id=105"},"modified":"2024-02-24T22:19:13","modified_gmt":"2024-02-24T21:19:13","slug":"publications","status":"publish","type":"page","link":"https:\/\/addai.org\/index.php\/publications\/","title":{"rendered":"News &#038; Articles"},"content":{"rendered":"<h1>Recent news and events<\/h1>\n<!--W4PL_List_727-->\n<div id=\"w4pl-list-727\" class=\"w4pl\">\n\t<div id=\"w4pl-inner-727\" class=\"w4pl-inner\">\n\t\t<font size=\"+3\"><b>Latest news:<\/b><\/font>\r\n\r\n<ul>\r\n<br>\r\n<li>\r\n<font size=\"+2\"><b><a class=\"post_title w4pl_post_title\" href=\"https:\/\/addai.org\/index.php\/2023\/04\/18\/valkommen-till-boklanseringen-10maj-2023\/\" title=\"View V\u00e4lkommen till boklanseringen 10:maj 2023\">V\u00e4lkommen till boklanseringen 10:maj 2023<\/a> <\/b> <\/font>\r\n<br>\r\n<em>April 18, 2023<\/em>\r\n<br><br>\r\n<img loading=\"lazy\" decoding=\"async\" width=\"1426\" height=\"1074\" src=\"\/wp-content\/uploads\/2023\/04\/image-2.png\" class=\"attachment-small size-small\" alt=\"\" size=\"small\" return=\"\" output=\"\" srcset=\"\/wp-content\/uploads\/2023\/04\/image-2.png 1426w, \/wp-content\/uploads\/2023\/04\/image-2-300x226.png 300w, \/wp-content\/uploads\/2023\/04\/image-2-1024x771.png 1024w, \/wp-content\/uploads\/2023\/04\/image-2-768x578.png 768w, \/wp-content\/uploads\/2023\/04\/image-2-900x678.png 900w, \/wp-content\/uploads\/2023\/04\/image-2-1000x753.png 1000w, \/wp-content\/uploads\/2023\/04\/image-2-450x339.png 450w\" sizes=\"auto, (max-width: 1426px) 100vw, 1426px\" \/>\r\n<br>\r\n<div class=\"post-excerpt\">Fem \u00e5r har g\u00e5tt sedan boken M\u00e4nniskor och AI kom ut. Ur den samlade m\u00e4nsklighetens perspektiv \u00e4r detta inte mer \u00e4n en blinkning. Likv\u00e4l har&hellip;<\/div>\r\n<b><a class=\"read_more\" href=\"https:\/\/addai.org\/index.php\/2023\/04\/18\/valkommen-till-boklanseringen-10maj-2023\/\" title=\"Continue reading &raquo; V\u00e4lkommen till boklanseringen 10:maj 2023\">Continue reading &raquo;<\/a><\/b>\r\n<br>\r\n<\/li>\r\n\r\n<br>\r\n<li>\r\n<font size=\"+2\"><b><a class=\"post_title w4pl_post_title\" href=\"https:\/\/addai.org\/index.php\/2021\/03\/28\/sammanfattning-hur-mycket-bor-chefen-veta-om-dig-med-hjalp-av-ai\/\" title=\"View Sammanfattning: Hur mycket b\u00f6r chefen veta om dig med hj\u00e4lp av AI?\">Sammanfattning: Hur mycket b\u00f6r chefen veta om dig med hj\u00e4lp av AI?<\/a> <\/b> <\/font>\r\n<br>\r\n<em>March 28, 2021<\/em>\r\n<br><br>\r\n<img loading=\"lazy\" decoding=\"async\" width=\"512\" height=\"341\" src=\"\/wp-content\/uploads\/2021\/03\/data.jpg\" class=\"attachment-small size-small\" alt=\"\" size=\"small\" return=\"\" output=\"\" srcset=\"\/wp-content\/uploads\/2021\/03\/data.jpg 512w, \/wp-content\/uploads\/2021\/03\/data-300x200.jpg 300w, \/wp-content\/uploads\/2021\/03\/data-450x300.jpg 450w\" sizes=\"auto, (max-width: 512px) 100vw, 512px\" \/>\r\n<br>\r\n<div class=\"post-excerpt\">https:\/\/www.youtube.com\/watch?v=isxkLTnhk-Q Denna \u00f6vergripande fr\u00e5gest\u00e4llning var temat f\u00f6r addAI:s andra seminarium under v\u00e5ren 2021. Drygt 50 personer samlades virtuellt torsdagen den 25 mars f\u00f6r att diskutera&hellip;<\/div>\r\n<b><a class=\"read_more\" href=\"https:\/\/addai.org\/index.php\/2021\/03\/28\/sammanfattning-hur-mycket-bor-chefen-veta-om-dig-med-hjalp-av-ai\/\" title=\"Continue reading &raquo; Sammanfattning: Hur mycket b\u00f6r chefen veta om dig med hj\u00e4lp av AI?\">Continue reading &raquo;<\/a><\/b>\r\n<br>\r\n<\/li>\r\n\r\n<br>\r\n<li>\r\n<font size=\"+2\"><b><a class=\"post_title w4pl_post_title\" href=\"https:\/\/addai.org\/index.php\/2021\/03\/16\/valkommen-till-ai-samtal-under-varen\/\" title=\"View V\u00e4lkommen till AI samtal under v\u00e5ren\">V\u00e4lkommen till AI samtal under v\u00e5ren<\/a> <\/b> <\/font>\r\n<br>\r\n<em>March 16, 2021<\/em>\r\n<br><br>\r\n<img loading=\"lazy\" decoding=\"async\" width=\"1280\" height=\"1092\" src=\"\/wp-content\/uploads\/2017\/12\/ai-brain.png\" class=\"attachment-small size-small\" alt=\"\" size=\"small\" return=\"\" output=\"\" srcset=\"\/wp-content\/uploads\/2017\/12\/ai-brain.png 1280w, \/wp-content\/uploads\/2017\/12\/ai-brain-300x256.png 300w, \/wp-content\/uploads\/2017\/12\/ai-brain-768x655.png 768w, \/wp-content\/uploads\/2017\/12\/ai-brain-1024x874.png 1024w, \/wp-content\/uploads\/2017\/12\/ai-brain-900x768.png 900w, \/wp-content\/uploads\/2017\/12\/ai-brain-1000x853.png 1000w, \/wp-content\/uploads\/2017\/12\/ai-brain-450x384.png 450w\" sizes=\"auto, (max-width: 1280px) 100vw, 1280px\" \/>\r\n<br>\r\n<div class=\"post-excerpt\">Vi kommer under v\u00e5ren arrangera tre online m\u00f6ten d\u00e4r vi g\u00e5r djupare in p\u00e5 olika omr\u00e5den koppat till en framtid med alltmer avancerade algoritmer. Vi&hellip;<\/div>\r\n<b><a class=\"read_more\" href=\"https:\/\/addai.org\/index.php\/2021\/03\/16\/valkommen-till-ai-samtal-under-varen\/\" title=\"Continue reading &raquo; V\u00e4lkommen till AI samtal under v\u00e5ren\">Continue reading &raquo;<\/a><\/b>\r\n<br>\r\n<\/li>\r\n\r\n<br>\r\n<li>\r\n<font size=\"+2\"><b><a class=\"post_title w4pl_post_title\" href=\"https:\/\/addai.org\/index.php\/2021\/01\/01\/2020-ai-year-in-review-and-ahead\/\" title=\"View 2020 \u2013 A(I) year in review and ahead\">2020 \u2013 A(I) year in review and ahead<\/a> <\/b> <\/font>\r\n<br>\r\n<em>January 1, 2021<\/em>\r\n<br><br>\r\n<img loading=\"lazy\" decoding=\"async\" width=\"1011\" height=\"754\" src=\"\/wp-content\/uploads\/2021\/01\/milky-way.png\" class=\"attachment-small size-small\" alt=\"\" size=\"small\" return=\"\" output=\"\" srcset=\"\/wp-content\/uploads\/2021\/01\/milky-way.png 1011w, \/wp-content\/uploads\/2021\/01\/milky-way-300x224.png 300w, \/wp-content\/uploads\/2021\/01\/milky-way-768x573.png 768w, \/wp-content\/uploads\/2021\/01\/milky-way-900x671.png 900w, \/wp-content\/uploads\/2021\/01\/milky-way-1000x746.png 1000w, \/wp-content\/uploads\/2021\/01\/milky-way-450x336.png 450w\" sizes=\"auto, (max-width: 1011px) 100vw, 1011px\" \/>\r\n<br>\r\n<div class=\"post-excerpt\">\"Artificial intelligence will reach human levels by around 2029. Follow that out further to, say, 2045, we will have multiplied the intelligence, the human biological&hellip;<\/div>\r\n<b><a class=\"read_more\" href=\"https:\/\/addai.org\/index.php\/2021\/01\/01\/2020-ai-year-in-review-and-ahead\/\" title=\"Continue reading &raquo; 2020 \u2013 A(I) year in review and ahead\">Continue reading &raquo;<\/a><\/b>\r\n<br>\r\n<\/li>\r\n\r\n<br>\r\n<li>\r\n<font size=\"+2\"><b><a class=\"post_title w4pl_post_title\" href=\"https:\/\/addai.org\/index.php\/2019\/12\/18\/undersokningen-om-svenskt-ai-tillganglig\/\" title=\"View Unders\u00f6kningen om Svenskt AI tillg\u00e4nglig\">Unders\u00f6kningen om Svenskt AI tillg\u00e4nglig<\/a> <\/b> <\/font>\r\n<br>\r\n<em>December 18, 2019<\/em>\r\n<br><br>\r\n<img loading=\"lazy\" decoding=\"async\" width=\"4032\" height=\"3024\" src=\"\/wp-content\/uploads\/2019\/12\/20191127_082057707_iOS-2.jpg\" class=\"attachment-small size-small\" alt=\"\" size=\"small\" return=\"\" output=\"\" srcset=\"\/wp-content\/uploads\/2019\/12\/20191127_082057707_iOS-2.jpg 4032w, \/wp-content\/uploads\/2019\/12\/20191127_082057707_iOS-2-300x225.jpg 300w, \/wp-content\/uploads\/2019\/12\/20191127_082057707_iOS-2-768x576.jpg 768w, \/wp-content\/uploads\/2019\/12\/20191127_082057707_iOS-2-1024x768.jpg 1024w, \/wp-content\/uploads\/2019\/12\/20191127_082057707_iOS-2-900x675.jpg 900w, \/wp-content\/uploads\/2019\/12\/20191127_082057707_iOS-2-1000x750.jpg 1000w, \/wp-content\/uploads\/2019\/12\/20191127_082057707_iOS-2-450x338.jpg 450w\" sizes=\"auto, (max-width: 4032px) 100vw, 4032px\" \/>\r\n<br>\r\n<div class=\"post-excerpt\">Den 27:e November deltog 150 personer vid lanseringen av den nya rapport som tagits fram av addAI.org samt Novus kring hur svenskar f\u00f6rh\u00e5ller sig till&hellip;<\/div>\r\n<b><a class=\"read_more\" href=\"https:\/\/addai.org\/index.php\/2019\/12\/18\/undersokningen-om-svenskt-ai-tillganglig\/\" title=\"Continue reading &raquo; Unders\u00f6kningen om Svenskt AI tillg\u00e4nglig\">Continue reading &raquo;<\/a><\/b>\r\n<br>\r\n<\/li>\r\n\r\n<br>\r\n<li>\r\n<font size=\"+2\"><b><a class=\"post_title w4pl_post_title\" href=\"https:\/\/addai.org\/index.php\/2019\/10\/25\/techdays\/\" title=\"View Techdays.\">Techdays.<\/a> <\/b> <\/font>\r\n<br>\r\n<em>October 25, 2019<\/em>\r\n<br><br>\r\n<img loading=\"lazy\" decoding=\"async\" width=\"4032\" height=\"3024\" src=\"\/wp-content\/uploads\/2019\/10\/20191022_155045569_iOS.jpg\" class=\"attachment-small size-small\" alt=\"\" size=\"small\" return=\"\" output=\"\" srcset=\"\/wp-content\/uploads\/2019\/10\/20191022_155045569_iOS.jpg 4032w, \/wp-content\/uploads\/2019\/10\/20191022_155045569_iOS-300x225.jpg 300w, \/wp-content\/uploads\/2019\/10\/20191022_155045569_iOS-768x576.jpg 768w, \/wp-content\/uploads\/2019\/10\/20191022_155045569_iOS-1024x768.jpg 1024w, \/wp-content\/uploads\/2019\/10\/20191022_155045569_iOS-900x675.jpg 900w, \/wp-content\/uploads\/2019\/10\/20191022_155045569_iOS-1000x750.jpg 1000w, \/wp-content\/uploads\/2019\/10\/20191022_155045569_iOS-450x338.jpg 450w\" sizes=\"auto, (max-width: 4032px) 100vw, 4032px\" \/>\r\n<br>\r\n<div class=\"post-excerpt\">Den 23:e oktober deltog AddAI i Microsofts TechDays p\u00e5 Kistam\u00e4ssan. I\u00a0ett panelsamtal under under Daniel Akenines ledning, och inf\u00f6r omkring tv\u00e5tusen konferensdeltagare blickade\u00a0\u00c5sa Schwarz (f\u00f6rfattare&hellip;<\/div>\r\n<b><a class=\"read_more\" href=\"https:\/\/addai.org\/index.php\/2019\/10\/25\/techdays\/\" title=\"Continue reading &raquo; Techdays.\">Continue reading &raquo;<\/a><\/b>\r\n<br>\r\n<\/li>\r\n\r\n<br>\r\n<li>\r\n<font size=\"+2\"><b><a class=\"post_title w4pl_post_title\" href=\"https:\/\/addai.org\/index.php\/2019\/02\/20\/lansering-av-boken-manniskor-och-ai\/\" title=\"View Lansering av boken M\u00e4nniskor och AI\">Lansering av boken M\u00e4nniskor och AI<\/a> <\/b> <\/font>\r\n<br>\r\n<em>February 20, 2019<\/em>\r\n<br><br>\r\n<img loading=\"lazy\" decoding=\"async\" width=\"2448\" height=\"1869\" src=\"\/wp-content\/uploads\/2019\/02\/Omslag.jpg\" class=\"attachment-small size-small\" alt=\"\" size=\"small\" return=\"\" output=\"\" srcset=\"\/wp-content\/uploads\/2019\/02\/Omslag.jpg 2448w, \/wp-content\/uploads\/2019\/02\/Omslag-300x229.jpg 300w, \/wp-content\/uploads\/2019\/02\/Omslag-768x586.jpg 768w, \/wp-content\/uploads\/2019\/02\/Omslag-1024x782.jpg 1024w, \/wp-content\/uploads\/2019\/02\/Omslag-900x687.jpg 900w, \/wp-content\/uploads\/2019\/02\/Omslag-1000x763.jpg 1000w, \/wp-content\/uploads\/2019\/02\/Omslag-450x344.jpg 450w\" sizes=\"auto, (max-width: 2448px) 100vw, 2448px\" \/>\r\n<br>\r\n<div class=\"post-excerpt\">V\u00e4lkommen till lansering av boken M\u00e4nniskor och AI i Malm\u00f6 den 4:e mars. Hur ska en l\u00e4rare om n\u00e5gra \u00e5r s\u00e4tta betyg p\u00e5 sina elever&hellip;<\/div>\r\n<b><a class=\"read_more\" href=\"https:\/\/addai.org\/index.php\/2019\/02\/20\/lansering-av-boken-manniskor-och-ai\/\" title=\"Continue reading &raquo; Lansering av boken M\u00e4nniskor och AI\">Continue reading &raquo;<\/a><\/b>\r\n<br>\r\n<\/li>\r\n\r\n<br>\r\n<li>\r\n<font size=\"+2\"><b><a class=\"post_title w4pl_post_title\" href=\"https:\/\/addai.org\/index.php\/2019\/02\/18\/addai-nominerade-till-sophiastipendiet-2019\/\" title=\"View addAI nominerade till Sophiastipendiet 2019\">addAI nominerade till Sophiastipendiet 2019<\/a> <\/b> <\/font>\r\n<br>\r\n<em>February 18, 2019<\/em>\r\n<br><br>\r\n<img loading=\"lazy\" decoding=\"async\" width=\"2880\" height=\"1920\" src=\"\/wp-content\/uploads\/2019\/02\/sophia-B.jpg\" class=\"attachment-small size-small\" alt=\"\" size=\"small\" return=\"\" output=\"\" srcset=\"\/wp-content\/uploads\/2019\/02\/sophia-B.jpg 2880w, \/wp-content\/uploads\/2019\/02\/sophia-B-300x200.jpg 300w, \/wp-content\/uploads\/2019\/02\/sophia-B-768x512.jpg 768w, \/wp-content\/uploads\/2019\/02\/sophia-B-1024x683.jpg 1024w, \/wp-content\/uploads\/2019\/02\/sophia-B-900x600.jpg 900w, \/wp-content\/uploads\/2019\/02\/sophia-B-1000x667.jpg 1000w, \/wp-content\/uploads\/2019\/02\/sophia-B-450x300.jpg 450w\" sizes=\"auto, (max-width: 2880px) 100vw, 2880px\" \/>\r\n<br>\r\n<div class=\"post-excerpt\">Sophiastipendiet bel\u00f6nar varje \u00e5r en svensk person, ett f\u00f6retag eller en organisation som p\u00e5 ett p\u00e5tagligt s\u00e4tt bidragit till att l\u00f6sa en samh\u00e4llsutmaning med hj\u00e4lp&hellip;<\/div>\r\n<b><a class=\"read_more\" href=\"https:\/\/addai.org\/index.php\/2019\/02\/18\/addai-nominerade-till-sophiastipendiet-2019\/\" title=\"Continue reading &raquo; addAI nominerade till Sophiastipendiet 2019\">Continue reading &raquo;<\/a><\/b>\r\n<br>\r\n<\/li>\r\n\r\n<br>\r\n<li>\r\n<font size=\"+2\"><b><a class=\"post_title w4pl_post_title\" href=\"https:\/\/addai.org\/index.php\/2019\/02\/12\/what-does-students-think-about-ai\/\" title=\"View What does students think about AI?\">What does students think about AI?<\/a> <\/b> <\/font>\r\n<br>\r\n<em>February 12, 2019<\/em>\r\n<br><br>\r\n<img loading=\"lazy\" decoding=\"async\" width=\"2000\" height=\"1333\" src=\"\/wp-content\/uploads\/2019\/02\/vastervangskolan-invigning.jpg\" class=\"attachment-small size-small\" alt=\"\" size=\"small\" return=\"\" output=\"\" srcset=\"\/wp-content\/uploads\/2019\/02\/vastervangskolan-invigning.jpg 2000w, \/wp-content\/uploads\/2019\/02\/vastervangskolan-invigning-300x200.jpg 300w, \/wp-content\/uploads\/2019\/02\/vastervangskolan-invigning-768x512.jpg 768w, \/wp-content\/uploads\/2019\/02\/vastervangskolan-invigning-1024x682.jpg 1024w, \/wp-content\/uploads\/2019\/02\/vastervangskolan-invigning-900x600.jpg 900w, \/wp-content\/uploads\/2019\/02\/vastervangskolan-invigning-1000x667.jpg 1000w, \/wp-content\/uploads\/2019\/02\/vastervangskolan-invigning-450x300.jpg 450w\" sizes=\"auto, (max-width: 2000px) 100vw, 2000px\" \/>\r\n<br>\r\n<div class=\"post-excerpt\">What does school students think about AI? What are their perspectives when it comes to ethics and AI? Listen to students at V\u00e4sterv\u00e5ngskolan in Trelleborg&hellip;<\/div>\r\n<b><a class=\"read_more\" href=\"https:\/\/addai.org\/index.php\/2019\/02\/12\/what-does-students-think-about-ai\/\" title=\"Continue reading &raquo; What does students think about AI?\">Continue reading &raquo;<\/a><\/b>\r\n<br>\r\n<\/li>\r\n\r\n<br>\r\n<li>\r\n<font size=\"+2\"><b><a class=\"post_title w4pl_post_title\" href=\"https:\/\/addai.org\/index.php\/2018\/12\/13\/6-hours-of-ai\/\" title=\"View 6 hours of AI\">6 hours of AI<\/a> <\/b> <\/font>\r\n<br>\r\n<em>December 13, 2018<\/em>\r\n<br><br>\r\n<img loading=\"lazy\" decoding=\"async\" width=\"911\" height=\"565\" src=\"\/wp-content\/uploads\/2018\/12\/IIS.jpg\" class=\"attachment-small size-small\" alt=\"\" size=\"small\" return=\"\" output=\"\" srcset=\"\/wp-content\/uploads\/2018\/12\/IIS.jpg 911w, \/wp-content\/uploads\/2018\/12\/IIS-300x186.jpg 300w, \/wp-content\/uploads\/2018\/12\/IIS-768x476.jpg 768w, \/wp-content\/uploads\/2018\/12\/IIS-900x558.jpg 900w, \/wp-content\/uploads\/2018\/12\/IIS-450x279.jpg 450w\" sizes=\"auto, (max-width: 911px) 100vw, 911px\" \/>\r\n<br>\r\n<div class=\"post-excerpt\">addAI.org recently arranged an AI day during the Internet Days in Stockholm and we were very happy to see so many of you there. We&hellip;<\/div>\r\n<b><a class=\"read_more\" href=\"https:\/\/addai.org\/index.php\/2018\/12\/13\/6-hours-of-ai\/\" title=\"Continue reading &raquo; 6 hours of AI\">Continue reading &raquo;<\/a><\/b>\r\n<br>\r\n<\/li>\r\n<\/ul>\r\n<br>\n\t<\/div><!--#w4pl-inner-727-->\n<\/div><!--#w4pl-727-->\n<!--END_W4PL_List_727-->\n\n","protected":false},"excerpt":{"rendered":"<p>Recent news and events<\/p>\n","protected":false},"author":1,"featured_media":0,"parent":0,"menu_order":0,"comment_status":"closed","ping_status":"closed","template":"","meta":{"footnotes":""},"class_list":["post-105","page","type-page","status-publish","hentry"],"_links":{"self":[{"href":"https:\/\/addai.org\/index.php\/wp-json\/wp\/v2\/pages\/105","targetHints":{"allow":["GET"]}}],"collection":[{"href":"https:\/\/addai.org\/index.php\/wp-json\/wp\/v2\/pages"}],"about":[{"href":"https:\/\/addai.org\/index.php\/wp-json\/wp\/v2\/types\/page"}],"author":[{"embeddable":true,"href":"https:\/\/addai.org\/index.php\/wp-json\/wp\/v2\/users\/1"}],"replies":[{"embeddable":true,"href":"https:\/\/addai.org\/index.php\/wp-json\/wp\/v2\/comments?post=105"}],"version-history":[{"count":30,"href":"https:\/\/addai.org\/index.php\/wp-json\/wp\/v2\/pages\/105\/revisions"}],"predecessor-version":[{"id":729,"href":"https:\/\/addai.org\/index.php\/wp-json\/wp\/v2\/pages\/105\/revisions\/729"}],"wp:attachment":[{"href":"https:\/\/addai.org\/index.php\/wp-json\/wp\/v2\/media?parent=105"}],"curies":[{"name":"wp","href":"https:\/\/api.w.org\/{rel}","templated":true}]}}